{"id":54,"date":"2016-10-12T20:02:10","date_gmt":"2016-10-12T20:02:10","guid":{"rendered":"http:\/\/test.dykarenfastighet.se\/?page_id=54"},"modified":"2022-12-26T11:30:14","modified_gmt":"2022-12-26T10:30:14","slug":"startsida","status":"publish","type":"page","link":"https:\/\/dykarenfastighet.se\/","title":{"rendered":"Kort om Dykaren"},"content":{"rendered":"\n<p><\/p>\n\n\n\n<ul>\n<li>Registrerades&nbsp;1994&nbsp;\u200b<\/li>\n\n\n\n<li>\u00c4ger\u00a0och\u00a0f\u00f6rvaltar\u00a0174\u00a0hyresr\u00e4tter och 31 lokaler (13 123 kvm) i Stockholm\u00a0                                                                    <\/li>\n\n\n\n<li>7 hyresr\u00e4tter och 28 lokaler (4214 kvm) i \u00d6rbyhus\u200b<\/li>\n\n\n\n<li>Verksamheten\u00a0startades\u00a0ursprungligen av Bengt\u00a0Gylleus som redan 1972 b\u00f6rjade k\u00f6pa\u00a0fastigheter\u200b<\/li>\n\n\n\n<li>Familjef\u00f6retag\u200b<\/li>\n\n\n\n<li>L\u00e5ngsiktig&nbsp;\u00e4gare&nbsp;och&nbsp;f\u00f6rvaltare<\/li>\n<\/ul>\n\n\n\n<p><\/p>\n","protected":false},"excerpt":{"rendered":"","protected":false},"author":1,"featured_media":0,"parent":0,"menu_order":0,"comment_status":"closed","ping_status":"closed","template":"","meta":{"footnotes":""},"_links":{"self":[{"href":"https:\/\/dykarenfastighet.se\/index.php?rest_route=\/wp\/v2\/pages\/54"}],"collection":[{"href":"https:\/\/dykarenfastighet.se\/index.php?rest_route=\/wp\/v2\/pages"}],"about":[{"href":"https:\/\/dykarenfastighet.se\/index.php?rest_route=\/wp\/v2\/types\/page"}],"author":[{"embeddable":true,"href":"https:\/\/dykarenfastighet.se\/index.php?rest_route=\/wp\/v2\/users\/1"}],"replies":[{"embeddable":true,"href":"https:\/\/dykarenfastighet.se\/index.php?rest_route=%2Fwp%2Fv2%2Fcomments&post=54"}],"version-history":[{"count":12,"href":"https:\/\/dykarenfastighet.se\/index.php?rest_route=\/wp\/v2\/pages\/54\/revisions"}],"predecessor-version":[{"id":225,"href":"https:\/\/dykarenfastighet.se\/index.php?rest_route=\/wp\/v2\/pages\/54\/revisions\/225"}],"wp:attachment":[{"href":"https:\/\/dykarenfastighet.se\/index.php?rest_route=%2Fwp%2Fv2%2Fmedia&parent=54"}],"curies":[{"name":"wp","href":"https:\/\/api.w.org\/{rel}","templated":true}]}}