{"id":243,"date":"2024-10-29T17:42:56","date_gmt":"2024-10-29T16:42:56","guid":{"rendered":"https:\/\/dykarenfastighet.se\/?page_id=243"},"modified":"2024-10-29T17:46:02","modified_gmt":"2024-10-29T16:46:02","slug":"lediga-lagenheter","status":"publish","type":"page","link":"https:\/\/dykarenfastighet.se\/?page_id=243","title":{"rendered":"Lediga l\u00e4genheter"},"content":{"rendered":"\n<p>V\u00e5ra lediga l\u00e4genheter f\u00f6rmedlas via Stockholms Bostadsf\u00f6rmedling<\/p>\n\n\n\n<p><a href=\"https:\/\/bostad.stockholm.se\/\" target=\"_blank\" rel=\"noreferrer noopener\">Startsida &#8211; Bostadsf\u00f6rmedlingen i Stockholm AB<\/a><\/p>\n","protected":false},"excerpt":{"rendered":"<p>V\u00e5ra lediga l\u00e4genheter f\u00f6rmedlas via Stockholms Bostadsf\u00f6rmedling Startsida &#8211; Bostadsf\u00f6rmedlingen i Stockholm AB<\/p>\n","protected":false},"author":2,"featured_media":0,"parent":0,"menu_order":0,"comment_status":"closed","ping_status":"closed","template":"","meta":{"footnotes":""},"_links":{"self":[{"href":"https:\/\/dykarenfastighet.se\/index.php?rest_route=\/wp\/v2\/pages\/243"}],"collection":[{"href":"https:\/\/dykarenfastighet.se\/index.php?rest_route=\/wp\/v2\/pages"}],"about":[{"href":"https:\/\/dykarenfastighet.se\/index.php?rest_route=\/wp\/v2\/types\/page"}],"author":[{"embeddable":true,"href":"https:\/\/dykarenfastighet.se\/index.php?rest_route=\/wp\/v2\/users\/2"}],"replies":[{"embeddable":true,"href":"https:\/\/dykarenfastighet.se\/index.php?rest_route=%2Fwp%2Fv2%2Fcomments&post=243"}],"version-history":[{"count":2,"href":"https:\/\/dykarenfastighet.se\/index.php?rest_route=\/wp\/v2\/pages\/243\/revisions"}],"predecessor-version":[{"id":245,"href":"https:\/\/dykarenfastighet.se\/index.php?rest_route=\/wp\/v2\/pages\/243\/revisions\/245"}],"wp:attachment":[{"href":"https:\/\/dykarenfastighet.se\/index.php?rest_route=%2Fwp%2Fv2%2Fmedia&parent=243"}],"curies":[{"name":"wp","href":"https:\/\/api.w.org\/{rel}","templated":true}]}}