{"id":20,"date":"2015-03-19T09:50:04","date_gmt":"2015-03-19T09:50:04","guid":{"rendered":"http:\/\/test.dykarenfastighet.se\/?page_id=20"},"modified":"2024-10-29T17:40:42","modified_gmt":"2024-10-29T16:40:42","slug":"for-dig-som-ar-hyresgast","status":"publish","type":"page","link":"https:\/\/dykarenfastighet.se\/?page_id=20","title":{"rendered":"F\u00f6r dig som \u00e4r hyresg\u00e4st"},"content":{"rendered":"\n<p><\/p>\n\n\n\n<p><\/p>\n\n\n\n<p><\/p>\n\n\n\n<p><\/p>\n\n\n\n<p><\/p>\n\n\n\n<p><\/p>\n\n\n\n<figure class=\"wp-block-image size-full is-resized\"><img loading=\"lazy\" decoding=\"async\" width=\"591\" height=\"466\" src=\"http:\/\/test.dykarenfastighet.se\/wp-content\/uploads\/2022\/12\/Moln.jpg\" alt=\"\" class=\"wp-image-149\" style=\"width:148px;height:116px\" srcset=\"https:\/\/dykarenfastighet.se\/wp-content\/uploads\/2022\/12\/Moln.jpg 591w, https:\/\/dykarenfastighet.se\/wp-content\/uploads\/2022\/12\/Moln-300x237.jpg 300w\" sizes=\"(max-width: 591px) 100vw, 591px\" \/><\/figure>\n\n\n\n<h2 class=\"wp-block-heading\">Dinhyresv\u00e4rd<\/h2>\n\n\n\n<p><strong><a href=\"http:\/\/hem.dinhyresvard.se\/\">Inloggning till tj\u00e4nsten Dinhyresv\u00e4rd.se<\/a><\/strong><\/p>\n\n\n\n<p><a href=\"https:\/\/sites.google.com\/view\/dh-handbok\">Instruktioner till tj\u00e4nsten<\/a><\/p>\n\n\n\n<p><span class=\"s1\">Alla v\u00e5ra hyresg\u00e4ster kan logga in och sk\u00f6ta alla \u00e4renden som r\u00f6r deras boende via hyresg\u00e4stsidorna p\u00e5 <a href=\"http:\/\/www.dinhyresvard.se\">Dinhyresv\u00e4rd<\/a>. All information som beh\u00f6vs f\u00f6r att komma ig\u00e5ng finns p\u00e5 hyresavierna.<\/span><\/p>\n\n\n\n<p><\/p>\n\n\n\n<h2 class=\"wp-block-heading\">Felanm\u00e4lan och jour<\/h2>\n\n\n\n<figure class=\"wp-block-image size-full is-resized\"><img loading=\"lazy\" decoding=\"async\" width=\"344\" height=\"330\" src=\"http:\/\/test.dykarenfastighet.se\/wp-content\/uploads\/2022\/12\/Vektryg.jpg\" alt=\"\" class=\"wp-image-151\" style=\"width:124px;height:119px\" srcset=\"https:\/\/dykarenfastighet.se\/wp-content\/uploads\/2022\/12\/Vektryg.jpg 344w, https:\/\/dykarenfastighet.se\/wp-content\/uploads\/2022\/12\/Vektryg-300x288.jpg 300w\" sizes=\"(max-width: 344px) 100vw, 344px\" \/><\/figure>\n\n\n\n<p><span class=\"s1\">V\u00e5r fastighetssk\u00f6tare\/f\u00f6rvaltare Alfred har e-post alfred@lingstromfastighet.se och telefon <strong>0704003260 <\/strong><\/span>(OBS! T\u00e4nk p\u00e5 att du kan g\u00f6ra din felanm\u00e4lan direkt via Dinhyresv\u00e4rd)<\/p>\n\n\n\n<p>Intr\u00e4ffar n\u00e5got akut under kv\u00e4llar eller helger kan ni ringa:<\/p>\n\n\n\n<p><strong>Stockholm &#8211; Driftia<\/strong> p\u00e5 Tel: 08-744 09 50<\/p>\n\n\n\n<p><strong>\u00d6rbyhus &#8211; Skadeservice <\/strong>p\u00e5 Tel: 010-155 61 0<\/p>\n\n\n\n<p><\/p>\n\n\n\n<p><\/p>\n\n\n\n<h2 class=\"wp-block-heading\">Information och blanketter<\/h2>\n\n\n\n<figure class=\"wp-block-image size-full is-resized\"><img loading=\"lazy\" decoding=\"async\" width=\"194\" height=\"169\" src=\"http:\/\/test.dykarenfastighet.se\/wp-content\/uploads\/2022\/12\/Hus.jpg\" alt=\"\" class=\"wp-image-152\" style=\"width:154px;height:134px\"\/><\/figure>\n\n\n\n<p><\/p>\n\n\n\n<p><a href=\"http:\/\/dykarenfastighet.se\/wp-content\/uploads\/2015\/08\/CCE20150623_0003.pdf\" target=\"_blank\" rel=\"noopener\"> <\/a><\/p>\n\n\n\n<p><strong>Blankett f\u00f6r <a href=\"https:\/\/www.fastighetsagarna.se\/globalassets\/broschyrer-och-faktablad\/blanketter-och-mallar\/74_ansokan_om-lagenhetsbyte_20191001.pdf?bustCache=1677269202562\" target=\"_blank\" rel=\"noreferrer noopener\">Ans\u00f6kan om l\u00e4genhetsbyte<\/a><\/strong><\/p>\n\n\n\n<p><strong><span class=\"s1\">Vid l\u00e4genhetsbyte:<br><\/span><\/strong><span class=\"s1\">Om du vill byta din l\u00e4genhet och har hittat n\u00e5gon att byta med s\u00e5 m\u00e5ste l\u00e4genhetsbytet godk\u00e4nnas av oss samt den andra hyresv\u00e4rden. M\u00f6jligheten att byta sin l\u00e4genhet g\u00e4ller alla som har ett f\u00f6rstahandskontrakt. I hyreslagens 35 \u00a7 kan man l\u00e4sa mer om l\u00e4genhetsbyte.<br><\/span><\/p>\n\n\n\n<p><strong>Blankett f\u00f6r\u00a0<\/strong><a href=\"https:\/\/app.fastdok.se\/external\/contract-create\/185\" data-type=\"URL\" data-id=\"http:\/\/dykarenfastighet.se\/wp-content\/uploads\/2020\/11\/Anso\u0308kan-om-andrahandsuthyrning-2020.pdf\" target=\"_blank\" rel=\"noreferrer noopener\">Anso\u0308kan om andrahandsuthyrning<\/a><\/p>\n\n\n\n<p><span class=\"s2\">\u00b7<\/span> <span class=\"s1\">Till ans\u00f6kan vill vi ha personbevis p\u00e5 samtliga hyresg\u00e4ster i byteskedjan, \u00e4ven avflyttande hyresg\u00e4st. Best\u00e4llning av personbevis g\u00f6rs hos&nbsp;<a href=\"http:\/\/www.skatteverket.se\/\" target=\"_blank\" rel=\"noreferrer noopener\"><span class=\"s4\">Skatteverket<\/span><\/a><\/span><\/p>\n\n\n\n<p><span class=\"s2\">\u00b7<\/span> <span class=\"s1\">Kopia p\u00e5 l\u00e4genhetskontrakt f\u00f6r inflyttande hyresg\u00e4st. Ing\u00e5r fler hyresg\u00e4ster i byteskedjan beh\u00f6vs kopia \u00e4ven p\u00e5 deras hyreskontrakt<\/span><\/p>\n\n\n\n<p><span class=\"s2\">\u00b7<\/span> <span class=\"s1\">Arbetsgivarintyg p\u00e5 inflyttande hyresg\u00e4st.&nbsp;<\/span><\/p>\n\n\n\n<p><a href=\"https:\/\/app.fastdok.se\/external\/contract-create\/189\" target=\"_blank\" rel=\"noreferrer noopener\">Blankett f\u00f6r Intyg om provsamboende<\/a><a href=\"https:\/\/www.fastighetsagarna.se\/fakta\/broschyrer-och-faktablad\/blanketter-och-mallar\/76a-intyg-om-provsamboende\/\"> &#8211; Fastighets\u00e4garna (fastighetsagarna.se)<\/a><\/p>\n\n\n\n<p><span class=\"s1\">Om du vill anv\u00e4nda autogiro s\u00e5 anm\u00e4ler du detta via din bank.<\/span><\/p>\n\n\n\n<p><\/p>\n\n\n\n<p><a href=\"https:\/\/www.stockholmvattenochavfall.se\/globalassets\/pdfer\/infomaterial\/matavfallsfoldrar\/svoa-0112_folder_matavfall_lagenhet_webb.pdf\" target=\"_blank\" rel=\"noreferrer noopener\">Information om matavfall och sortering<\/a><\/p>\n\n\n\n<p><\/p>\n\n\n\n<p><a href=\"https:\/\/www.fastighetsagarna.se\/globalassets\/dokument\/pdf\/fakta\/spara-el-i-vardagen-hyresgastinformation.pdf?bustCache=1676381887807\" target=\"_blank\" rel=\"noreferrer noopener\">Hur man kan spara el i vardagen (fastighetsagarna.se)<\/a><\/p>\n\n\n\n<p><a href=\"https:\/\/www.svenskforsakring.se\/globalassets\/om-oss\/hemforsakring\/samlad\/alla-tre-situationer-webb\/sf_samlad_a4_webb.pdf\/\" target=\"_blank\" rel=\"noreferrer noopener\">Information om hemf\u00f6rs\u00e4kring<\/a><\/p>\n","protected":false},"excerpt":{"rendered":"<p>Dinhyresv\u00e4rd Inloggning till tj\u00e4nsten Dinhyresv\u00e4rd.se Instruktioner till tj\u00e4nsten Alla v\u00e5ra hyresg\u00e4ster kan logga in och sk\u00f6ta alla \u00e4renden som r\u00f6r deras boende via hyresg\u00e4stsidorna p\u00e5 Dinhyresv\u00e4rd. All information som beh\u00f6vs f\u00f6r att komma ig\u00e5ng finns p\u00e5 hyresavierna. Felanm\u00e4lan och jour <a class=\"more-link\" href=\"https:\/\/dykarenfastighet.se\/?page_id=20\">L\u00e4s mer \u2026<\/a><\/p>\n","protected":false},"author":1,"featured_media":0,"parent":0,"menu_order":0,"comment_status":"closed","ping_status":"closed","template":"","meta":{"footnotes":""},"_links":{"self":[{"href":"https:\/\/dykarenfastighet.se\/index.php?rest_route=\/wp\/v2\/pages\/20"}],"collection":[{"href":"https:\/\/dykarenfastighet.se\/index.php?rest_route=\/wp\/v2\/pages"}],"about":[{"href":"https:\/\/dykarenfastighet.se\/index.php?rest_route=\/wp\/v2\/types\/page"}],"author":[{"embeddable":true,"href":"https:\/\/dykarenfastighet.se\/index.php?rest_route=\/wp\/v2\/users\/1"}],"replies":[{"embeddable":true,"href":"https:\/\/dykarenfastighet.se\/index.php?rest_route=%2Fwp%2Fv2%2Fcomments&post=20"}],"version-history":[{"count":15,"href":"https:\/\/dykarenfastighet.se\/index.php?rest_route=\/wp\/v2\/pages\/20\/revisions"}],"predecessor-version":[{"id":242,"href":"https:\/\/dykarenfastighet.se\/index.php?rest_route=\/wp\/v2\/pages\/20\/revisions\/242"}],"wp:attachment":[{"href":"https:\/\/dykarenfastighet.se\/index.php?rest_route=%2Fwp%2Fv2%2Fmedia&parent=20"}],"curies":[{"name":"wp","href":"https:\/\/api.w.org\/{rel}","templated":true}]}}