{"id":2,"date":"2015-03-18T13:55:59","date_gmt":"2015-03-18T13:55:59","guid":{"rendered":"http:\/\/test.dykarenfastighet.se\/?page_id=2"},"modified":"2022-12-20T15:16:18","modified_gmt":"2022-12-20T14:16:18","slug":"sample-page","status":"publish","type":"page","link":"https:\/\/dykarenfastighet.se\/?page_id=2","title":{"rendered":"Kontakta oss"},"content":{"rendered":"\n<figure class=\"wp-block-image size-full is-resized\"><img loading=\"lazy\" decoding=\"async\" src=\"http:\/\/test.dykarenfastighet.se\/wp-content\/uploads\/2022\/12\/Brev.jpg\" alt=\"\" class=\"wp-image-156\" width=\"68\" height=\"51\"\/><\/figure>\n\n\n<h1 class=\"entry-title\">Adress<\/h1>\n<div class=\"entry-content article\">\n<p>Dykaren Fastighets AB<\/p>\n<p>Kistav\u00e4gen 2A<br>192 70 Sollentuna<\/p>\n<\/div>\n\n\n<h2 class=\"wp-block-heading\">Kontaktuppgifter<\/h2>\n\n\n\n<p><a href=\"mailto:info@dykarenfastighet.se\">info@dykarenfastighet.se<\/a><\/p>\n\n\n\n<p>Tel: 08-754 00 46<\/p>\n\n\n\n<p>Intr\u00e4ffar n\u00e5got akut under kv\u00e4llar eller helger kan ni ringa:<\/p>\n\n\n\n<p><strong>Stockholm &#8211; Driftia<\/strong> p\u00e5 Tel: 08-744 09 50<\/p>\n\n\n\n<p><strong>\u00d6rbyhus &#8211; Skadeservice <\/strong>p\u00e5 Tel: 010-155 61 00<\/p>\n","protected":false},"excerpt":{"rendered":"<p>Adress Dykaren Fastighets AB Kistav\u00e4gen 2A192 70 Sollentuna Kontaktuppgifter info@dykarenfastighet.se Tel: 08-754 00 46 Intr\u00e4ffar n\u00e5got akut under kv\u00e4llar eller helger kan ni ringa: Stockholm &#8211; Driftia p\u00e5 Tel: 08-744 09 50 \u00d6rbyhus &#8211; Skadeservice p\u00e5 Tel: 010-155 61 00<\/p>\n","protected":false},"author":1,"featured_media":116,"parent":0,"menu_order":0,"comment_status":"closed","ping_status":"closed","template":"","meta":{"footnotes":""},"_links":{"self":[{"href":"https:\/\/dykarenfastighet.se\/index.php?rest_route=\/wp\/v2\/pages\/2"}],"collection":[{"href":"https:\/\/dykarenfastighet.se\/index.php?rest_route=\/wp\/v2\/pages"}],"about":[{"href":"https:\/\/dykarenfastighet.se\/index.php?rest_route=\/wp\/v2\/types\/page"}],"author":[{"embeddable":true,"href":"https:\/\/dykarenfastighet.se\/index.php?rest_route=\/wp\/v2\/users\/1"}],"replies":[{"embeddable":true,"href":"https:\/\/dykarenfastighet.se\/index.php?rest_route=%2Fwp%2Fv2%2Fcomments&post=2"}],"version-history":[{"count":6,"href":"https:\/\/dykarenfastighet.se\/index.php?rest_route=\/wp\/v2\/pages\/2\/revisions"}],"predecessor-version":[{"id":188,"href":"https:\/\/dykarenfastighet.se\/index.php?rest_route=\/wp\/v2\/pages\/2\/revisions\/188"}],"wp:featuredmedia":[{"embeddable":true,"href":"https:\/\/dykarenfastighet.se\/index.php?rest_route=\/wp\/v2\/media\/116"}],"wp:attachment":[{"href":"https:\/\/dykarenfastighet.se\/index.php?rest_route=%2Fwp%2Fv2%2Fmedia&parent=2"}],"curies":[{"name":"wp","href":"https:\/\/api.w.org\/{rel}","templated":true}]}}