{"id":88,"date":"2022-12-19T15:03:37","date_gmt":"2022-12-19T14:03:37","guid":{"rendered":"http:\/\/test.dykarenfastighet.se\/?page_id=88"},"modified":"2022-12-20T15:17:59","modified_gmt":"2022-12-20T14:17:59","slug":"vara-fastigheter-2","status":"publish","type":"page","link":"http:\/\/dykarenfastighet.se\/?page_id=88","title":{"rendered":"V\u00e5ra Fastigheter"},"content":{"rendered":"\n<figure class=\"wp-block-gallery has-nested-images columns-default is-cropped wp-block-gallery-1 is-layout-flex wp-block-gallery-is-layout-flex\">\n<figure class=\"wp-block-image size-full\"><img loading=\"lazy\" decoding=\"async\" width=\"276\" height=\"207\" data-id=\"26\" src=\"http:\/\/test.dykarenfastighet.se\/wp-content\/uploads\/2015\/03\/sleipner.jpg\" alt=\"\" class=\"wp-image-26\"\/><figcaption class=\"wp-element-caption\">V\u00e4stmannagatan 88\/ Vanadisv\u00e4gen 27, Stockholm<\/figcaption><\/figure>\n\n\n\n<figure class=\"wp-block-image size-large\"><img loading=\"lazy\" decoding=\"async\" width=\"200\" height=\"200\" data-id=\"47\" src=\"http:\/\/test.dykarenfastighet.se\/wp-content\/uploads\/2016\/10\/D-Gjuteribacken15.jpg\" alt=\"\" class=\"wp-image-47\" srcset=\"http:\/\/dykarenfastighet.se\/wp-content\/uploads\/2016\/10\/D-Gjuteribacken15.jpg 200w, http:\/\/dykarenfastighet.se\/wp-content\/uploads\/2016\/10\/D-Gjuteribacken15-150x150.jpg 150w\" sizes=\"(max-width: 200px) 100vw, 200px\" \/><figcaption class=\"wp-element-caption\">Gjuteribacken 15, Sundbyberg<\/figcaption><\/figure>\n\n\n\n<figure class=\"wp-block-image size-large\"><img loading=\"lazy\" decoding=\"async\" width=\"768\" height=\"1024\" data-id=\"107\" src=\"http:\/\/test.dykarenfastighet.se\/wp-content\/uploads\/2022\/12\/20220504_115215-768x1024.jpg\" alt=\"\" class=\"wp-image-107\" srcset=\"http:\/\/dykarenfastighet.se\/wp-content\/uploads\/2022\/12\/20220504_115215-768x1024.jpg 768w, http:\/\/dykarenfastighet.se\/wp-content\/uploads\/2022\/12\/20220504_115215-225x300.jpg 225w, http:\/\/dykarenfastighet.se\/wp-content\/uploads\/2022\/12\/20220504_115215-1152x1536.jpg 1152w, http:\/\/dykarenfastighet.se\/wp-content\/uploads\/2022\/12\/20220504_115215-rotated.jpg 1512w\" sizes=\"(max-width: 768px) 100vw, 768px\" \/><figcaption class=\"wp-element-caption\">Fj\u00e4lln\u00e4sv\u00e4gen 4A\/B, Sundbyberg<\/figcaption><\/figure>\n\n\n\n<figure class=\"wp-block-image size-large\"><img loading=\"lazy\" decoding=\"async\" width=\"1024\" height=\"682\" data-id=\"121\" src=\"http:\/\/test.dykarenfastighet.se\/wp-content\/uploads\/2022\/12\/Orby-overblick.jpg\" alt=\"\" class=\"wp-image-121\" srcset=\"http:\/\/dykarenfastighet.se\/wp-content\/uploads\/2022\/12\/Orby-overblick.jpg 1024w, http:\/\/dykarenfastighet.se\/wp-content\/uploads\/2022\/12\/Orby-overblick-300x200.jpg 300w, http:\/\/dykarenfastighet.se\/wp-content\/uploads\/2022\/12\/Orby-overblick-768x512.jpg 768w\" sizes=\"(max-width: 1024px) 100vw, 1024px\" \/><figcaption class=\"wp-element-caption\">Stationsv\u00e4gen 6, \u00d6rbyhus<\/figcaption><\/figure>\n\n\n\n<figure class=\"wp-block-image size-large\"><img loading=\"lazy\" decoding=\"async\" width=\"225\" height=\"300\" data-id=\"10\" src=\"http:\/\/test.dykarenfastighet.se\/wp-content\/uploads\/2015\/03\/Pr\u00e4stgatan-225x300.jpg\" alt=\"\" class=\"wp-image-10\"\/><figcaption class=\"wp-element-caption\">Pr\u00e4stgatan 38, Stockholm<\/figcaption><\/figure>\n\n\n\n<figure class=\"wp-block-image size-large\"><img loading=\"lazy\" decoding=\"async\" width=\"773\" height=\"487\" data-id=\"138\" src=\"http:\/\/test.dykarenfastighet.se\/wp-content\/uploads\/2022\/12\/Arkadsvagen-8.jpg\" alt=\"\" class=\"wp-image-138\" srcset=\"http:\/\/dykarenfastighet.se\/wp-content\/uploads\/2022\/12\/Arkadsvagen-8.jpg 773w, http:\/\/dykarenfastighet.se\/wp-content\/uploads\/2022\/12\/Arkadsvagen-8-300x189.jpg 300w, http:\/\/dykarenfastighet.se\/wp-content\/uploads\/2022\/12\/Arkadsvagen-8-768x484.jpg 768w\" sizes=\"(max-width: 773px) 100vw, 773px\" \/><figcaption class=\"wp-element-caption\">Arkadv\u00e4gen 8-10, Johanneshov<\/figcaption><\/figure>\n\n\n\n<figure class=\"wp-block-image size-large\"><img loading=\"lazy\" decoding=\"async\" width=\"336\" height=\"252\" data-id=\"133\" src=\"http:\/\/test.dykarenfastighet.se\/wp-content\/uploads\/2022\/12\/Gyllbyvagen.jpg\" alt=\"\" class=\"wp-image-133\" srcset=\"http:\/\/dykarenfastighet.se\/wp-content\/uploads\/2022\/12\/Gyllbyvagen.jpg 336w, http:\/\/dykarenfastighet.se\/wp-content\/uploads\/2022\/12\/Gyllbyvagen-300x225.jpg 300w\" sizes=\"(max-width: 336px) 100vw, 336px\" \/><figcaption class=\"wp-element-caption\">Gyllbyv\u00e4gen 4A\/B, \u00d6rbyhus<\/figcaption><\/figure>\n\n\n\n<figure class=\"wp-block-image size-large\"><img loading=\"lazy\" decoding=\"async\" width=\"1024\" height=\"449\" data-id=\"137\" src=\"http:\/\/test.dykarenfastighet.se\/wp-content\/uploads\/2022\/12\/Humblegatan-24a-1024x449.jpg\" alt=\"\" class=\"wp-image-137\" srcset=\"http:\/\/dykarenfastighet.se\/wp-content\/uploads\/2022\/12\/Humblegatan-24a-1024x449.jpg 1024w, http:\/\/dykarenfastighet.se\/wp-content\/uploads\/2022\/12\/Humblegatan-24a-300x132.jpg 300w, http:\/\/dykarenfastighet.se\/wp-content\/uploads\/2022\/12\/Humblegatan-24a-768x337.jpg 768w, http:\/\/dykarenfastighet.se\/wp-content\/uploads\/2022\/12\/Humblegatan-24a.jpg 1298w\" sizes=\"(max-width: 1024px) 100vw, 1024px\" \/><figcaption class=\"wp-element-caption\">Humblegatan 24A-B. Sundbyberg<\/figcaption><\/figure>\n\n\n\n<figure class=\"wp-block-image size-large\"><img loading=\"lazy\" decoding=\"async\" width=\"815\" height=\"397\" data-id=\"135\" src=\"http:\/\/test.dykarenfastighet.se\/wp-content\/uploads\/2022\/12\/Kistavagen1.jpg\" alt=\"\" class=\"wp-image-135\" srcset=\"http:\/\/dykarenfastighet.se\/wp-content\/uploads\/2022\/12\/Kistavagen1.jpg 815w, http:\/\/dykarenfastighet.se\/wp-content\/uploads\/2022\/12\/Kistavagen1-300x146.jpg 300w, http:\/\/dykarenfastighet.se\/wp-content\/uploads\/2022\/12\/Kistavagen1-768x374.jpg 768w\" sizes=\"(max-width: 815px) 100vw, 815px\" \/><figcaption class=\"wp-element-caption\">Kistav\u00e4gen 2A, Sollentuna<\/figcaption><\/figure>\n\n\n\n<figure class=\"wp-block-image size-large\"><img loading=\"lazy\" decoding=\"async\" width=\"1006\" height=\"458\" data-id=\"136\" src=\"http:\/\/test.dykarenfastighet.se\/wp-content\/uploads\/2022\/12\/Spanga-kyrkvag-413.jpg\" alt=\"\" class=\"wp-image-136\" srcset=\"http:\/\/dykarenfastighet.se\/wp-content\/uploads\/2022\/12\/Spanga-kyrkvag-413.jpg 1006w, http:\/\/dykarenfastighet.se\/wp-content\/uploads\/2022\/12\/Spanga-kyrkvag-413-300x137.jpg 300w, http:\/\/dykarenfastighet.se\/wp-content\/uploads\/2022\/12\/Spanga-kyrkvag-413-768x350.jpg 768w\" sizes=\"(max-width: 1006px) 100vw, 1006px\" \/><figcaption class=\"wp-element-caption\">Sp\u00e5nga Kyrkv\u00e4g 413-415, Sp\u00e5nga<\/figcaption><\/figure>\n\n\n\n<figure class=\"wp-block-image size-large\"><img loading=\"lazy\" decoding=\"async\" width=\"1024\" height=\"325\" data-id=\"134\" src=\"http:\/\/test.dykarenfastighet.se\/wp-content\/uploads\/2022\/12\/Spangavagen-323-1024x325.jpg\" alt=\"\" class=\"wp-image-134\" srcset=\"http:\/\/dykarenfastighet.se\/wp-content\/uploads\/2022\/12\/Spangavagen-323-1024x325.jpg 1024w, http:\/\/dykarenfastighet.se\/wp-content\/uploads\/2022\/12\/Spangavagen-323-300x95.jpg 300w, http:\/\/dykarenfastighet.se\/wp-content\/uploads\/2022\/12\/Spangavagen-323-768x244.jpg 768w, http:\/\/dykarenfastighet.se\/wp-content\/uploads\/2022\/12\/Spangavagen-323.jpg 1212w\" sizes=\"(max-width: 1024px) 100vw, 1024px\" \/><figcaption class=\"wp-element-caption\">Sp\u00e5ngav\u00e4gen 323, Sp\u00e5nga<\/figcaption><\/figure>\n\n\n\n<figure class=\"wp-block-image size-large\"><img loading=\"lazy\" decoding=\"async\" width=\"1024\" height=\"326\" data-id=\"139\" src=\"http:\/\/test.dykarenfastighet.se\/wp-content\/uploads\/2022\/12\/Spangavagen-329-1024x326.jpg\" alt=\"\" class=\"wp-image-139\" srcset=\"http:\/\/dykarenfastighet.se\/wp-content\/uploads\/2022\/12\/Spangavagen-329-1024x326.jpg 1024w, http:\/\/dykarenfastighet.se\/wp-content\/uploads\/2022\/12\/Spangavagen-329-300x96.jpg 300w, http:\/\/dykarenfastighet.se\/wp-content\/uploads\/2022\/12\/Spangavagen-329-768x245.jpg 768w, http:\/\/dykarenfastighet.se\/wp-content\/uploads\/2022\/12\/Spangavagen-329.jpg 1039w\" sizes=\"(max-width: 1024px) 100vw, 1024px\" \/><figcaption class=\"wp-element-caption\">Sp\u00e5ngav\u00e4gen 329, Sp\u00e5nga<\/figcaption><\/figure>\n<\/figure>\n\n\n\n<figure class=\"wp-block-image size-full\"><img loading=\"lazy\" decoding=\"async\" width=\"639\" height=\"653\" src=\"http:\/\/test.dykarenfastighet.se\/wp-content\/uploads\/2022\/12\/pins-1.jpg\" alt=\"\" class=\"wp-image-142\" srcset=\"http:\/\/dykarenfastighet.se\/wp-content\/uploads\/2022\/12\/pins-1.jpg 639w, http:\/\/dykarenfastighet.se\/wp-content\/uploads\/2022\/12\/pins-1-294x300.jpg 294w\" sizes=\"(max-width: 639px) 100vw, 639px\" \/><\/figure>\n","protected":false},"excerpt":{"rendered":"","protected":false},"author":2,"featured_media":0,"parent":0,"menu_order":0,"comment_status":"closed","ping_status":"closed","template":"","meta":{"footnotes":""},"_links":{"self":[{"href":"http:\/\/dykarenfastighet.se\/index.php?rest_route=\/wp\/v2\/pages\/88"}],"collection":[{"href":"http:\/\/dykarenfastighet.se\/index.php?rest_route=\/wp\/v2\/pages"}],"about":[{"href":"http:\/\/dykarenfastighet.se\/index.php?rest_route=\/wp\/v2\/types\/page"}],"author":[{"embeddable":true,"href":"http:\/\/dykarenfastighet.se\/index.php?rest_route=\/wp\/v2\/users\/2"}],"replies":[{"embeddable":true,"href":"http:\/\/dykarenfastighet.se\/index.php?rest_route=%2Fwp%2Fv2%2Fcomments&post=88"}],"version-history":[{"count":9,"href":"http:\/\/dykarenfastighet.se\/index.php?rest_route=\/wp\/v2\/pages\/88\/revisions"}],"predecessor-version":[{"id":190,"href":"http:\/\/dykarenfastighet.se\/index.php?rest_route=\/wp\/v2\/pages\/88\/revisions\/190"}],"wp:attachment":[{"href":"http:\/\/dykarenfastighet.se\/index.php?rest_route=%2Fwp%2Fv2%2Fmedia&parent=88"}],"curies":[{"name":"wp","href":"https:\/\/api.w.org\/{rel}","templated":true}]}}