{"id":22,"date":"2015-03-19T09:51:33","date_gmt":"2015-03-19T09:51:33","guid":{"rendered":"http:\/\/test.dykarenfastighet.se\/?page_id=22"},"modified":"2023-09-27T11:29:11","modified_gmt":"2023-09-27T10:29:11","slug":"lediga-lokaler","status":"publish","type":"page","link":"http:\/\/dykarenfastighet.se\/?page_id=22","title":{"rendered":"Lediga lokaler"},"content":{"rendered":"\n<p><\/p>\n\n\n\n<p>H\u00e4r publicerar vi v\u00e5ra lediga lokaler. Alla lokaler hyrs ut genom <a href=\"https:\/\/www.lingstromfastighet.se\/lediga-lokaler\/\" data-type=\"URL\" data-id=\"www.lingstromfastighet.se\" target=\"_blank\" rel=\"noreferrer noopener\">Lingstr\u00f6m Fastighet<\/a><\/p>\n\n\n\n<h2 class=\"wp-block-heading\"><\/h2>\n\n\n\n<p><\/p>\n","protected":false},"excerpt":{"rendered":"<p>H\u00e4r publicerar vi v\u00e5ra lediga lokaler. Alla lokaler hyrs ut genom Lingstr\u00f6m Fastighet<\/p>\n","protected":false},"author":1,"featured_media":0,"parent":0,"menu_order":0,"comment_status":"closed","ping_status":"closed","template":"","meta":{"footnotes":""},"_links":{"self":[{"href":"http:\/\/dykarenfastighet.se\/index.php?rest_route=\/wp\/v2\/pages\/22"}],"collection":[{"href":"http:\/\/dykarenfastighet.se\/index.php?rest_route=\/wp\/v2\/pages"}],"about":[{"href":"http:\/\/dykarenfastighet.se\/index.php?rest_route=\/wp\/v2\/types\/page"}],"author":[{"embeddable":true,"href":"http:\/\/dykarenfastighet.se\/index.php?rest_route=\/wp\/v2\/users\/1"}],"replies":[{"embeddable":true,"href":"http:\/\/dykarenfastighet.se\/index.php?rest_route=%2Fwp%2Fv2%2Fcomments&post=22"}],"version-history":[{"count":10,"href":"http:\/\/dykarenfastighet.se\/index.php?rest_route=\/wp\/v2\/pages\/22\/revisions"}],"predecessor-version":[{"id":239,"href":"http:\/\/dykarenfastighet.se\/index.php?rest_route=\/wp\/v2\/pages\/22\/revisions\/239"}],"wp:attachment":[{"href":"http:\/\/dykarenfastighet.se\/index.php?rest_route=%2Fwp%2Fv2%2Fmedia&parent=22"}],"curies":[{"name":"wp","href":"https:\/\/api.w.org\/{rel}","templated":true}]}}